{"id":1772,"date":"2021-02-25T14:31:22","date_gmt":"2021-02-25T13:31:22","guid":{"rendered":"https:\/\/test.value.digital\/?page_id=1772"},"modified":"2021-08-26T15:12:25","modified_gmt":"2021-08-26T13:12:25","slug":"imprint","status":"publish","type":"page","link":"https:\/\/value.digital\/de\/imprint\/","title":{"rendered":"Impressum"},"content":{"rendered":"<p>value.digital <\/p>\n\n\n\n<p>Postanschrift:<\/p>\n\n\n\n<p>Bernhard Hecker<\/p>\n\n\n\n<p>Sandstr 5<br>82110 Germering<\/p>\n\n\n\n<p>Telefon: +4917615528046<br>E-Mail:&nbsp;<a href=\"mailto:info@35.224.50.113\">info@value.digital<\/a><\/p>\n\n\n\n<p><strong>Umsatzsteuer-ID:&nbsp;<\/strong><br>Umsatzsteuer-Identifikationsnummer nach \u00a727a Umsatzsteuergesetz:<br>DE321597793<\/p>\n\n\n\n<p><strong>Verantwortlich f\u00fcr den Inhalt<\/strong>&nbsp;(gem. \u00a7 55 Abs. 2 RStV):<br>Bernhard Hecker<br>Sandstr 5<br>82110 Germering<\/p>\n\n\n\n<h2 class=\"wp-block-heading\">Disclaimer \u2013 rechtliche Hinweise<\/h2>\n\n\n\n<p>\u00a7 1 Warnhinweis zu Inhalten<br>Die kostenlosen und frei zug\u00e4nglichen Inhalte dieser Webseite wurden mit gr\u00f6\u00dftm\u00f6glicher Sorgfalt erstellt. Der Anbieter dieser Webseite \u00fcbernimmt jedoch keine Gew\u00e4hr f\u00fcr die Richtigkeit und Aktualit\u00e4t der bereitgestellten kostenlosen und frei zug\u00e4nglichen journalistischen Ratgeber und Nachrichten. Namentlich gekennzeichnete Beitr\u00e4ge geben die Meinung des jeweiligen Autors und nicht immer die Meinung des Anbieters wieder. Allein durch den Aufruf der kostenlosen und frei zug\u00e4nglichen Inhalte kommt keinerlei Vertragsverh\u00e4ltnis zwischen dem Nutzer und dem Anbieter zustande, insoweit fehlt es am Rechtsbindungswillen des Anbieters.<\/p>\n\n\n\n<p>\u00a7 2 Externe Links<br>Diese Website enth\u00e4lt Verkn\u00fcpfungen zu Websites Dritter (\u201cexterne Links\u201d). Diese Websites unterliegen der Haftung der jeweiligen Betreiber. Der Anbieter hat bei der erstmaligen Verkn\u00fcpfung der externen Links die fremden Inhalte daraufhin \u00fcberpr\u00fcft, ob etwaige Rechtsverst\u00f6\u00dfe bestehen. Zu dem Zeitpunkt waren keine Rechtsverst\u00f6\u00dfe ersichtlich. Der Anbieter hat keinerlei Einfluss auf die aktuelle und zuk\u00fcnftige Gestaltung und auf die Inhalte der verkn\u00fcpften Seiten. Das Setzen von externen Links bedeutet nicht, dass sich der Anbieter die hinter dem Verweis oder Link liegenden Inhalte zu Eigen macht. Eine st\u00e4ndige Kontrolle der externen Links ist f\u00fcr den Anbieter ohne konkrete Hinweise auf Rechtsverst\u00f6\u00dfe nicht zumutbar. Bei Kenntnis von Rechtsverst\u00f6\u00dfen werden jedoch derartige externe Links unverz\u00fcglich gel\u00f6scht.<\/p>\n\n\n\n<p>\u00a7 3 Urheber- und Leistungsschutzrechte<br>Die auf dieser Website ver\u00f6ffentlichten Inhalte unterliegen dem deutschen Urheber- und Leistungsschutzrecht. Jede vom deutschen Urheber- und Leistungsschutzrecht nicht zugelassene Verwertung bedarf der vorherigen schriftlichen Zustimmung des Anbieters oder jeweiligen Rechteinhabers. Dies gilt insbesondere f\u00fcr Vervielf\u00e4ltigung, Bearbeitung, \u00dcbersetzung, Einspeicherung, Verarbeitung bzw. Wiedergabe von Inhalten in Datenbanken oder anderen elektronischen Medien und Systemen. Inhalte und Rechte Dritter sind dabei als solche gekennzeichnet. Die unerlaubte Vervielf\u00e4ltigung oder Weitergabe einzelner Inhalte oder kompletter Seiten ist nicht gestattet und strafbar. Lediglich die Herstellung von Kopien und Downloads f\u00fcr den pers\u00f6nlichen, privaten und nicht kommerziellen Gebrauch ist erlaubt.<\/p>\n\n\n\n<p>Die Darstellung dieser Website in fremden Frames ist nur mit schriftlicher Erlaubnis zul\u00e4ssig.<\/p>\n\n\n\n<p>\u00a7 4 Besondere Nutzungsbedingungen<br>Soweit besondere Bedingungen f\u00fcr einzelne Nutzungen dieser Website von den vorgenannten Paragraphen abweichen, wird an entsprechender Stelle ausdr\u00fccklich darauf hingewiesen. In diesem Falle gelten im jeweiligen Einzelfall die besonderen Nutzungsbedingungen.<\/p>\n\n\n\n<p>value.digital GmbH<\/p>\n\n\n\n<p>Postal address:<\/p>\n\n\n\n<p>Sandstr 5<br>82110 Germering<\/p>\n\n\n\n<p>phone: +4917615528046<br>E-mail:&nbsp;info@value.digital<\/p>\n\n\n\n<p>Value added tax ID:<br>Sales tax identification number according to \u00a727a Umsatzsteuergesetz:<br>DE321597793<\/p>\n\n\n\n<p>Registered below: HRB 244356 at the local court Munich<\/p>\n\n\n\n<p>Authorized managing directors: Bernhard Hecker and Martin Wartig<\/p>\n\n\n\n<p>Responsible for the content (according to \u00a7 55 Abs. 2 RStV):<br>Bernhard Hecker<br>Sandstr 5<br>82110 Germering<\/p>\n\n\n\n<p>Disclaimer \u2013 legal information<br>\u00a7 1 Warning regarding content<br>The free and freely accessible contents of this website were created with the greatest possible care. However, the provider of this website does not guarantee the accuracy and timeliness of the free and freely accessible journalistic guides and news. Contributions marked by name reflect the opinion of the respective author and not always the opinion of the provider. No contractual relationship is established between the user and the provider solely by calling up the free and freely accessible contents; in this respect, the provider\u2019s will to legally bind is lacking.<\/p>\n\n\n\n<p>\u00a7 2 External Links<br>This website contains links to third-party websites (\u201cexternal links\u201d). These websites are subject to the liability of the respective operators. When the external links were first established, the provider checked the external content for possible violations of the law. At that time, no violations of the law were apparent. The provider has no influence whatsoever on the current and future design and content of the linked pages. The inclusion of external links does not mean that the provider adopts the content behind the reference or link as his own. A constant control of the external links is not reasonable for the provider without concrete evidence of legal violations. However, in the event of knowledge of legal infringements, such external links will be deleted immediately.<\/p>\n\n\n\n<p>\u00a7 3 Copyright and ancillary copyrights<br>The contents published on this website are subject to German copyright and ancillary copyright law. Any use not permitted by German copyright and ancillary copyright law requires the prior written consent of the provider or the respective copyright holder. This applies in particular to duplication, editing, translation, storage, processing or reproduction of content in databases or other electronic media and systems. Contents and rights of third parties are marked as such. The unauthorized duplication or passing on of individual contents or complete pages is not permitted and punishable by law. Only the production of copies and downloads for personal, private and non-commercial use is permitted.<\/p>\n\n\n\n<p>The presentation of this website in external frames is only permitted with written permission.<\/p>\n\n\n\n<p>\u00a7 4 Special Terms of Use<br>Insofar as special conditions for individual uses of this website deviate from the aforementioned paragraphs, this will be expressly pointed out at the appropriate point.&nbsp;In this case, the special terms of use apply in each individual case.<\/p>","protected":false},"excerpt":{"rendered":"<p>value.digital Postanschrift: Bernhard Hecker Sandstr 582110 Germering Telefon: +4917615528046E-Mail:&nbsp;info@value.digital Umsatzsteuer-ID:&nbsp;Umsatzsteuer-Identifikationsnummer nach \u00a727a Umsatzsteuergesetz:DE321597793 Verantwortlich f\u00fcr den Inhalt&nbsp;(gem. \u00a7 55 Abs. 2 RStV):Bernhard HeckerSandstr 582110 Germering Disclaimer \u2013 rechtliche Hinweise \u00a7 1 Warnhinweis zu InhaltenDie kostenlosen und frei zug\u00e4nglichen Inhalte dieser Webseite wurden mit gr\u00f6\u00dftm\u00f6glicher Sorgfalt erstellt. Der Anbieter dieser Webseite \u00fcbernimmt jedoch keine Gew\u00e4hr f\u00fcr [&hellip;]<\/p>","protected":false},"author":2,"featured_media":0,"parent":0,"menu_order":0,"comment_status":"closed","ping_status":"closed","template":"","meta":{"content-type":"","_monsterinsights_skip_tracking":false,"_monsterinsights_sitenote_active":false,"_monsterinsights_sitenote_note":"","_monsterinsights_sitenote_category":0,"footnotes":""},"class_list":["post-1772","page","type-page","status-publish","hentry"],"aioseo_notices":[],"_links":{"self":[{"href":"https:\/\/value.digital\/de\/wp-json\/wp\/v2\/pages\/1772","targetHints":{"allow":["GET"]}}],"collection":[{"href":"https:\/\/value.digital\/de\/wp-json\/wp\/v2\/pages"}],"about":[{"href":"https:\/\/value.digital\/de\/wp-json\/wp\/v2\/types\/page"}],"author":[{"embeddable":true,"href":"https:\/\/value.digital\/de\/wp-json\/wp\/v2\/users\/2"}],"replies":[{"embeddable":true,"href":"https:\/\/value.digital\/de\/wp-json\/wp\/v2\/comments?post=1772"}],"version-history":[{"count":0,"href":"https:\/\/value.digital\/de\/wp-json\/wp\/v2\/pages\/1772\/revisions"}],"wp:attachment":[{"href":"https:\/\/value.digital\/de\/wp-json\/wp\/v2\/media?parent=1772"}],"curies":[{"name":"wp","href":"https:\/\/api.w.org\/{rel}","templated":true}]}}