{"id":1878,"date":"2021-03-01T10:48:04","date_gmt":"2021-03-01T09:48:04","guid":{"rendered":"http:\/\/test.value.digital\/?page_id=1878"},"modified":"2021-04-20T11:18:35","modified_gmt":"2021-04-20T09:18:35","slug":"bafa-forderung","status":"publish","type":"page","link":"https:\/\/value.digital\/de\/bafa-forderung\/","title":{"rendered":"BAFA F\u00f6rderung"},"content":{"rendered":"<div class=\"vc_row wpb_row vc_row-fluid\"><div class=\"wpb_column vc_column_container vc_col-sm-12\"><div class=\"vc_column-inner\"><div class=\"wpb_wrapper\">\n\t<div class=\"wpb_text_column wpb_content_element\" >\n\t\t<div class=\"wpb_wrapper\">\n\t\t\t<p>Wir sind gelistete Berater und Coaches und davon profitieren Sie, denn Sie bekommen Zusch\u00fcsse auf unsere Beratungsleistungen.<\/p>\n<p>Das BAFA F\u00f6rderprogramm fasst die fr\u00fcheren Programme zusammen:<\/p>\n<ul>\n<li>F\u00f6rderung unternehmerischen Know-hows durch Unternehmensberatung<\/li>\n<li>Gr\u00fcndercoaching Deutschland<\/li>\n<li>Turn-Around-Beratung<\/li>\n<li>Runder Tisch<\/li>\n<\/ul>\n<p>Zust\u00e4ndig f\u00fcr die Umsetzung des Programms ist das Bundesamt f\u00fcr Wirtschaft und Ausfuhrkontrolle (BAFA). Die Richtlinie ist am 01.01.2016 in Kraft getreten. Die F\u00f6rderung des Programms erfolgt aus Mitteln des Europ\u00e4ischen Sozialfonds ESF und aus Mitteln des Bundesministeriums f\u00fcr Wirtschaft und Energie (BMWi). Das Programm l\u00e4uft \u2013 gem\u00e4\u00df Rahmenrichtlinie vom 28.12.2015 \u2013 bis zum 31.12.2020.<\/p>\n<p>Zum 01.04.2019 sind \u00c4nderungen vom 25.03.2019 durch Ver\u00f6ffentlichung im Bundesanzeiger (BAnz AT 01.04.2019 B2) in Kraft getreten. Diese betreffen die Bezahlung der Beratungskosten (incl. USt) an den Berater in voller H\u00f6he vor Einreichung des Verwendungsnachweis. Die bisherige Regelung zur Zahlung des Eigenanteils entf\u00e4llt. Vor der \u00c4nderung gestellte Antr\u00e4ge sind davon nicht betroffen!<\/p>\n<h5>Zielgruppen (KMU) sind:<\/h5>\n<ul>\n<li>Jungunternehmen \u2013 die nicht l\u00e4nger als zwei Jahre am Markt sind<\/li>\n<li>Bestandsunternehmen \u2013 ab dem dritten Jahr nach der Gr\u00fcndung<\/li>\n<li>Unternehmen \u2013 in wirtschaftlichen Schwierigkeiten<\/li>\n<\/ul>\n<h5>Beratungsschwerpunkte sind:<\/h5>\n<ul>\n<li>Allgemeine Beratungen \u2013 zu allen wirtschaftlichen, finanziellen, personellen und organisatorischen Fragen der Unternehmensf\u00fchrung<\/li>\n<li>Spezielle Beratungen \u2013 um strukturellen Ungleichheiten zu begegnen, k\u00f6nnen zus\u00e4tzlich zu den Themen einer allgemeinen Beratung weitere Beratungsleistungen gef\u00f6rdert werden. Hierzu geh\u00f6ren Beratungen von Unternehmen, die gef\u00fchrt werden:<\/li>\n<li>von Frauen<\/li>\n<li>von Migrant\/innen<\/li>\n<li>von Unternehmern\/innen mit anerkannter Behinderung<\/li>\n<\/ul>\n<h5>\u2026 und\/oder:<\/h5>\n<ul>\n<li>zur besseren betrieblichen Integration von Mitarbeiter\/innen mit Migrationshintergrund<\/li>\n<li>zur Arbeitsgestaltung f\u00fcr Mitarbeiter\/innen mit Behinderung<\/li>\n<li>zur Fachkr\u00e4ftegewinnung und -sicherung<\/li>\n<li>zur Gleichstellung und besseren Vereinbarkeit von Familie und Beruf<\/li>\n<li>zur alternsgerechten Gestaltung der Arbeit<\/li>\n<li>zur Nachhaltigkeit und zum Umweltschutz beitragen<\/li>\n<\/ul>\n<h3><\/h3>\n<h3>Unternehmenssicherungsberatung<\/h3>\n<p>Unternehmen in Schwierigkeiten erhalten einen Beratungszuschuss zu allen Fragen der Wiederherstellung der Leistungs- und Wettbewerbsf\u00e4higkeit. Zus\u00e4tzlich kann eine weitere allgemeine Beratung zur Vertiefung der Ma\u00dfnahmen zur Wiederherstellung der Leistungs- und Wettbewerbsf\u00e4higkeit gef\u00f6rdert werden.<\/p>\n<h3>Zeitlicher Rahmen und Aussch\u00f6pfung<\/h3>\n<p>Bestandsunternehmen d\u00fcrfen pro Beratungsschwerpunkt nicht mehr als f\u00fcnf Tage in Anspruch nehmen. Die Beratungstage m\u00fcssen nicht aufeinanderfolgen. Die Berichterstellung sowie die Reisezeiten k\u00f6nnen au\u00dferhalb dieses Zeitrahmens liegen. Diese Begrenzung gilt nicht f\u00fcr Jungunternehmen oder Unternehmen in Schwierigkeiten. Hier kann die Ma\u00dfnahme \u00fcber den gesamten F\u00f6rderzeitraum (maximal 6 Monate) durchgef\u00fchrt und abgerechnet werden.<\/p>\n<p>Alle Unternehmen k\u00f6nnen bis zur Aussch\u00f6pfung der jeweils maximal f\u00f6rderf\u00e4higen Beratungskosten (Bemessungsgrundlage) pro Beratungsschwerpunkt mehrere Antr\u00e4ge auf F\u00f6rderung stellen. Die jeweilige F\u00f6rderma\u00dfnahme muss als Einzelberatung durchgef\u00fchrt werden, Seminare oder Workshops werden nicht ber\u00fccksichtigt. Die Beratungsleistung muss vom Berater in einem schriftlichen Beratungsbericht dokumentiert werden.<\/p>\n<h3>Beraterzulassung<\/h3>\n<p>Beraten d\u00fcrfen selbst\u00e4ndige Berater\/innen bzw. Beratungsunternehmen, die ihren \u00fcberwiegenden Umsatz (&gt;50 %) aus ihrer Beratungst\u00e4tigkeit erzielen. Sie m\u00fcssen dar\u00fcber hinaus \u00fcber die erforderlichen F\u00e4higkeiten verf\u00fcgen und einen Qualit\u00e4tsnachweis erbringen, der die Planung, Durchf\u00fchrung, \u00dcberpr\u00fcfung und Umsetzung der Arbeits- und Organisationsabl\u00e4ufe aufzeigt. Die Beraterin \/ der Berater muss eine richtlinienkonforme Durchf\u00fchrung der Beratung gew\u00e4hrleisten.<\/p>\n<p><span style=\"text-decoration: underline;\">Wir sind beim BAFA als Berater registriert. <span style=\"color: #993300; text-decoration: underline;\">Unsere BAFA-ID lautet: 161305<\/span><\/span><\/p>\n<h3>Beratungszuschuss<\/h3>\n<p>Die H\u00f6he des Zuschusses orientiert sich an den maximal f\u00f6rderf\u00e4higen Beratungskosten (Bemessungsgrundlage) sowie dem Standort des Unternehmens:<\/p>\n<h5>Junge Unternehmen nicht l\u00e4nger als 2 Jahre am Markt<\/h5>\n<p>Bemessungsgrundlage \u2013 4.000 Euro<\/p>\n<p>F\u00f6rdersatz* und maximaler Zuschuss<\/p>\n<ul>\n<li>80 % \u2013 3.200 Euro<\/li>\n<li>60 % \u2013 2.400 Euro<\/li>\n<li>50 % \u2013 2.000 Euro<\/li>\n<\/ul>\n<h5>Bestandsunternehmen ab dem dritten Jahr nach Gr\u00fcndung<\/h5>\n<p>Bemessungsgrundlage \u2013 3.000 Euro<\/p>\n<p>F\u00f6rdersatz* und maximaler Zuschuss<\/p>\n<ul>\n<li>80 % \u2013 2.400 Euro<\/li>\n<li>60 % \u2013 1.800 Euro<\/li>\n<li>50 % \u2013 1.500 Euro<\/li>\n<\/ul>\n<h5>Unternehmen in Schwierigkeiten<\/h5>\n<p>Bemessungsgrundlage 3.000 Euro<\/p>\n<p>F\u00f6rdersatz* maximaler Zuschuss<\/p>\n<ul>\n<li>90 % \u2013 2.700 Euro<\/li>\n<\/ul>\n<h5>F\u00f6rdersatz:<\/h5>\n<ul>\n<li>80 % neue Bundesl\u00e4nder (ohne Berlin und ohne Region Leipzig)<\/li>\n<li>60 % Region L\u00fcneburg<\/li>\n<li>50 % sonstige Bundesl\u00e4nder \/ Regionen<\/li>\n<li>90 % Unternehmen in Schwierigkeiten unabh\u00e4ngig von Alter und Standort<\/li>\n<li>Antragstellung<\/li>\n<\/ul>\n<p>Diese erfolgt online \u00fcber die Antragsplattform des BAFA. Eine der eingeschalteten Leitstellen* pr\u00fcft den Antrag vor und informiert den Antragstellenden \u00fcber das Ergebnis. Erst dann darf ein Beratungsvertrag unterschrieben bzw. mit der Beratung begonnen werden. Eine r\u00fcckwirkende F\u00f6rderung ist ausgeschlossen.<\/p>\n<p>Jungunternehmen und Unternehmen in Schwierigkeiten, die einen F\u00f6rderzuschuss f\u00fcr eine Unternehmensberatung beantragen m\u00f6chten, m\u00fcssen vor der Antragstellung ein kostenloses Informationsgespr\u00e4ch mit einem regionalen Ansprechpartner ihrer Wahl f\u00fchren. Zwischen Gespr\u00e4ch und Antragstellung d\u00fcrfen nicht mehr als drei Monate liegen. Eine Liste der Regionalpartner ist \u00fcber die Leitstellen erh\u00e4ltlich. Bestandsunternehmen k\u00f6nnen, m\u00fcssen aber nicht ein solches Gespr\u00e4ch f\u00fchren.<\/p>\n<h3>Durchf\u00fchrung und Abrechnung<\/h3>\n<p>Nach Durchf\u00fchrung der Beratung muss der Verwendungsnachweis innerhalb der 6-Monats-Frist ebenfalls online \u00fcber die Antragsplattform des BAFA eingereicht werden. Zum Verwendungsnachweis geh\u00f6ren folgende Unterlagen:<\/p>\n<ul>\n<li>ein ausgef\u00fclltes und vom Antragstellenden unterschriebenes Verwendungsnachweisformular<\/li>\n<li>ein vom Antragstellenden ausgef\u00fclltes und unterschriebenes Formular zur De-minimis- und zur EU-KMU-Erkl\u00e4rung<\/li>\n<li>das Best\u00e4tigungsschreiben des regionalen Ansprechpartners \u00fcber die F\u00fchrung des Informationsgespr\u00e4chs (nur bei Jungunternehmen und Unternehmen in Schwierigkeiten)<\/li>\n<li>ein Beratungsbericht des Beraters<\/li>\n<li>die Rechnung des Beratungsunternehmens und der Kontoauszug des Antragstellers \u00fcber die Zahlung des gesamten Honorars (incl. USt)<\/li>\n<\/ul>\n<h5>Leitstellen<\/h5>\n<ul>\n<li>DIHK-Service Gesellschaft Berlin<\/li>\n<li>Zentralverbands des Deutschen Handwerks Berlin<\/li>\n<li>Leitstelle f\u00fcr Gewerbef\u00f6rdermittel des Bundes K\u00f6ln<\/li>\n<li>F\u00f6rdergesellschaft des BDS-DGV f\u00fcr die gewerbliche Wirtschaft und Freie Berufe Bonn<\/li>\n<li>BBG Bundesbetriebsberatungsstelle<\/li>\n<li>Interhoga \u2013 Gesellschaft zur F\u00f6rderung des Deutschen Hotel- und Gastst\u00e4ttengewerbes Berlin<\/li>\n<\/ul>\n<p>Bevor Sie Ihren Antrag bei einer der Leitstellen einreichen und sich an einen regionalen Ansprechpartner wenden, nehmen Sie bitte Kontakt mit uns auf.<\/p>\n<p>Mehr zum Online-Antrag: fms.bafa.de\/BafaFrame\/unternehmensberatung<\/p>\n<p>Sie k\u00f6nnen die Richtlinie des BAFA und die Rahmenrichtlinie des BMWi hier herunterladen:<\/p>\n<p><a href=\"https:\/\/value.digital\/wp-content\/uploads\/2021\/03\/value-digital-foerderung-bafa-2020.pdf\">BAFA F\u00f6rderung unternehmerischen Handelns<\/a><\/p>\n<p><a href=\"https:\/\/value.digital\/wp-content\/uploads\/2021\/03\/value-digital-foerderung-bafa-2020-rahmenrichtlinine.pdf\">BMWi Rahmenrichtlinie zur F\u00f6rderung<\/a><\/p>\n<p><a href=\"https:\/\/value.digital\/wp-content\/uploads\/2021\/03\/value-digital-foerderung-bafa-2020-anderung-rahmenrichtlinine.pdf\">BMWi \u00c4nderungen zur Rahmenrichtlinie vom 1.Apr 2019<\/a><\/p>\n\n\t\t<\/div>\n\t<\/div>\n<\/div><\/div><\/div><\/div>","protected":false},"excerpt":{"rendered":"Wir sind gelistete Berater und Coaches und davon profitieren Sie, denn Sie bekommen Zusch\u00fcsse auf unsere Beratungsleistungen. Das BAFA F\u00f6rderprogramm fasst die fr\u00fcheren Programme zusammen: F\u00f6rderung unternehmerischen Know-hows durch Unternehmensberatung Gr\u00fcndercoaching Deutschland Turn-Around-Beratung Runder Tisch Zust\u00e4ndig f\u00fcr die Umsetzung des Programms ist das Bundesamt f\u00fcr Wirtschaft und Ausfuhrkontrolle (BAFA). Die Richtlinie ist am 01.01.2016 in [...]","protected":false},"author":1,"featured_media":0,"parent":0,"menu_order":0,"comment_status":"closed","ping_status":"closed","template":"","meta":{"content-type":"","_monsterinsights_skip_tracking":false,"_monsterinsights_sitenote_active":false,"_monsterinsights_sitenote_note":"","_monsterinsights_sitenote_category":0,"footnotes":""},"class_list":["post-1878","page","type-page","status-publish","hentry"],"aioseo_notices":[],"_links":{"self":[{"href":"https:\/\/value.digital\/de\/wp-json\/wp\/v2\/pages\/1878","targetHints":{"allow":["GET"]}}],"collection":[{"href":"https:\/\/value.digital\/de\/wp-json\/wp\/v2\/pages"}],"about":[{"href":"https:\/\/value.digital\/de\/wp-json\/wp\/v2\/types\/page"}],"author":[{"embeddable":true,"href":"https:\/\/value.digital\/de\/wp-json\/wp\/v2\/users\/1"}],"replies":[{"embeddable":true,"href":"https:\/\/value.digital\/de\/wp-json\/wp\/v2\/comments?post=1878"}],"version-history":[{"count":0,"href":"https:\/\/value.digital\/de\/wp-json\/wp\/v2\/pages\/1878\/revisions"}],"wp:attachment":[{"href":"https:\/\/value.digital\/de\/wp-json\/wp\/v2\/media?parent=1878"}],"curies":[{"name":"wp","href":"https:\/\/api.w.org\/{rel}","templated":true}]}}